{"id":15,"date":"2022-06-25T15:08:41","date_gmt":"2022-06-25T14:08:41","guid":{"rendered":"https:\/\/staging.urologie-amtierpark.de\/?page_id=15"},"modified":"2022-06-27T09:00:52","modified_gmt":"2022-06-27T08:00:52","slug":"impressum","status":"publish","type":"page","link":"https:\/\/staging.urologie-amtierpark.de\/index.php\/impressum\/","title":{"rendered":"Impressum"},"content":{"rendered":"\n<h2 class=\"wp-block-heading\">urologie &#8222;am tierpark&#8220;<\/h2>\n\n\n\n<p>Im Sana Gesundheitszentrum<br><\/p>\n\n\n\n<p><strong>Anschrift:<\/strong><\/p>\n\n\n\n<p>Gemeinschaftspraxis<br>Dr. med. univ. Ulf Krapfenbauer<br>Dr.-med. Ralf Irgang<\/p>\n\n\n\n<p>Rummelsburger Str. 13, 10315 Berlin<\/p>\n\n\n\n<p>Telefon:&nbsp;030\/5138204<\/p>\n\n\n\n<p><\/p>\n\n\n\n<p><strong>Ansprechpartner:<\/strong><\/p>\n\n\n\n<p>Dr. med. univ. Ulf Krapfenbauer<\/p>\n\n\n\n<h4 class=\"wp-block-heading\">Umsatzsteuer-ID<\/h4>\n\n\n\n<p>Umsatzsteuer-Identifikationsnummer nach \u00a727a Umsatzsteuergesetz: <strong>XXXXX<\/strong><\/p>\n\n\n\n<h4 class=\"wp-block-heading\">Zust\u00e4ndige Landes\u00e4rztekammer<\/h4>\n\n\n\n<p>\u00c4rztekammer Berlin<br>Friedrichstr. 16<br>10969 Berlin<\/p>\n\n\n\n<p>Telefon: (030) 40 80 6-0<br>Telefax: (030) 40 80 6-125<br>E-Mail: kammer@aerztekammer-berlin.de<br><a href=\"https:\/\/www.aerztekammer-berlin.de\/\">www.aerztekammer-berlin.de<\/a><\/p>\n\n\n\n<h4 class=\"wp-block-heading\">Kassen\u00e4rztliche Vereinigung<\/h4>\n\n\n\n<p>KV Berlin<br>Masurenallee 6A<br>14057 Berlin<\/p>\n\n\n\n<p>Telefon. (030) 31003-0<br>E-Mail: kvbe@kvberlin.de<br><a href=\"https:\/\/www.kvberlin.de\/\">www.kvberlin.de<\/a><\/p>\n\n\n\n<h4 class=\"wp-block-heading\">Berufsbezeichnung<\/h4>\n\n\n\n<p><strong>Dr. med. univ. Ulf Krapfenbauer<\/strong><br>Facharzt f\u00fcr Urologie,<br>verliehen durch\u00a0die Landes\u00e4rztekammer <strong>XXXX<\/strong><\/p>\n\n\n\n<h4 class=\"wp-block-heading\">Berufsrechtliche Regelungen<\/h4>\n\n\n\n<p>Berufsordnung der \u00c4rztekammer Berlin:<br><a href=\"https:\/\/www.aerztekammer-berlin.de\/10arzt\/30_Berufsrecht\/06_Rechtsgrundlagen\/30_Berufsrecht\/Berufsordnung.pdf\" class=\"\">https:\/\/www.aerztekammer-berlin.de\/10arzt\/30_Berufsrecht\/06_Rechtsgrundlagen\/30_Berufsrecht\/Berufsordnung.pdf<\/a><br><a href=\"https:\/\/www.aerztekammer-berlin.de\/\" target=\"_blank\" rel=\"noreferrer noopener\">www.aerztekammer-berlin.de<\/a><\/p>\n\n\n\n<h4 class=\"wp-block-heading\">Verantwortlich f\u00fcr den Inhalt<\/h4>\n\n\n\n<p>(gem. \u00a7 55 Abs. 2 RStV)<br>Dr. med. univ. Ulf Krapfenbauer, Rummelsburger Str. 13, 10315 Berlin<\/p>\n\n\n\n<h2 class=\"wp-block-heading\">Disclaimer &#8211; rechtliche Hinweise<\/h2>\n\n\n\n<h4 class=\"wp-block-heading\">\u00a7 1 Warnhinweis zu Inhalten<\/h4>\n\n\n\n<p>Die kostenlosen und frei zug\u00e4nglichen Inhalte dieser Webseite wurden mit gr\u00f6\u00dftm\u00f6glicher Sorgfalt erstellt. Der Anbieter dieser Webseite \u00fcbernimmt jedoch keine Gew\u00e4hr f\u00fcr die Richtigkeit und Aktualit\u00e4t der bereitgestellten kostenlosen und frei zug\u00e4nglichen journalistischen Ratgeber und Nachrichten. Namentlich&nbsp;gekennzeichnete Beitr\u00e4ge geben die Meinung des jeweiligen Autors und nicht immer die Meinung des Anbieters wieder. Allein durch den Aufruf der kostenlosen und frei zug\u00e4nglichen Inhalte kommt keinerlei Vertragsverh\u00e4ltnis zwischen dem Nutzer und dem Anbieter zustande, insoweit fehlt es am Rechtsbindungswillen des Anbieters.<\/p>\n\n\n\n<h4 class=\"wp-block-heading\">\u00a7 2 Externe Links<\/h4>\n\n\n\n<p>Diese Website enth\u00e4lt Verkn\u00fcpfungen zu Websites Dritter (\u201eexterne Links\u201c). Diese Websites unterliegen der Haftung der jeweiligen Betreiber. Der Anbieter hat bei der erstmaligen Verkn\u00fcpfung der externen Links die fremden Inhalte daraufhin \u00fcberpr\u00fcft, ob etwaige Rechtsverst\u00f6\u00dfe bestehen. Zu dem Zeitpunkt waren keine Rechtsverst\u00f6\u00dfe ersichtlich. Der Anbieter hat keinerlei Einfluss auf die aktuelle und zuk\u00fcnftige Gestaltung und auf die Inhalte der verkn\u00fcpften Seiten. Das Setzen von externen Links bedeutet nicht, dass sich der Anbieter die hinter dem Verweis oder Link liegenden Inhalte zu Eigen macht. Eine st\u00e4ndige Kontrolle der externen Links ist f\u00fcr den Anbieter ohne konkrete Hinweise auf Rechtsverst\u00f6\u00dfe nicht zumutbar. Bei Kenntnis von Rechtsverst\u00f6\u00dfen werden jedoch derartige externe Links unverz\u00fcglich gel\u00f6scht.<\/p>\n\n\n\n<h4 class=\"wp-block-heading\">\u00a7 3 Urheber- und Leistungsschutzrechte<\/h4>\n\n\n\n<p>Die auf dieser Website ver\u00f6ffentlichten Inhalte unterliegen dem deutschen Urheber- und Leistungsschutzrecht. Jede vom deutschen Urheber- und Leistungsschutzrecht nicht zugelassene Verwertung bedarf der vorherigen schriftlichen Zustimmung des Anbieters oder jeweiligen Rechteinhabers. Dies gilt insbesondere f\u00fcr Vervielf\u00e4ltigung, Bearbeitung, \u00dcbersetzung, Einspeicherung, Verarbeitung bzw. Wiedergabe von Inhalten in Datenbanken oder anderen elektronischen Medien und Systemen. Inhalte und Rechte Dritter sind dabei als solche gekennzeichnet. Die unerlaubte Vervielf\u00e4ltigung oder Weitergabe einzelner Inhalte oder kompletter Seiten ist nicht gestattet und strafbar. Lediglich die Herstellung von Kopien und Downloads f\u00fcr den pers\u00f6nlichen, privaten und nicht kommerziellen Gebrauch ist erlaubt.<\/p>\n\n\n\n<p>F\u00fcr Inhalte, die unter Creative-Commons-Lizenzen verwendet werden (<a href=\"https:\/\/creativecommons.org\/publicdomain\/zero\/1.0\/deed.de\" class=\"\">CC0<\/a>,&nbsp;<a href=\"https:\/\/creativecommons.org\/licenses\/by-sa\/2.0\/deed.de\">CC BY-SA 2.0<\/a>,&nbsp;<a href=\"https:\/\/creativecommons.org\/licenses\/by\/2.0\/deed.de\">CC BY 2.0<\/a>), gelten die darunter verlinkten Bedingungen.<\/p>\n\n\n\n<p>F\u00fcr Inhalte, die von der Plattform Pexels.com zur Verf\u00fcgung gestellt werden und nicht einer Creative-Commons-Lizenz unterliegen, gelten die&nbsp;<a href=\"https:\/\/www.pexels.com\/de-de\/lizenz\">von Pexels.com beschriebenen Bedingungen<\/a>: Fotos d\u00fcrfen kostenfrei und ohne Urhebernennung verwendet und bearbeitet werden. Die Nennung der Urheber erfolgt auf freiwilliger Basis.<\/p>\n\n\n\n<p>Die Darstellung dieser Website in fremden Frames ist nur mit schriftlicher Erlaubnis zul\u00e4ssig.<\/p>\n\n\n\n<h4 class=\"wp-block-heading\">\u00a7 4 Besondere Nutzungsbedingungen<\/h4>\n\n\n\n<p>Soweit besondere Bedingungen f\u00fcr einzelne Nutzungen dieser Website von den vorgenannten Paragraphen abweichen, wird an entsprechender Stelle ausdr\u00fccklich darauf hingewiesen. In diesem Falle gelten im jeweiligen Einzelfall die besonderen Nutzungsbedingungen.<\/p>\n\n\n\n<p><em>Quelle:&nbsp;<a href=\"https:\/\/www.juraforum.de\/impressum-generator\/\">Impressum Vorlage von JuraForum.de<\/a><\/em><\/p>\n\n\n\n<p>Bildnachweis: <a href=\"https:\/\/de.freepik.com\/vektoren\/niere\">Niere Vektor erstellt von brgfx &#8211; de.freepik.com<\/a><\/p>\n","protected":false},"excerpt":{"rendered":"<p>urologie &#8222;am tierpark&#8220; Im Sana Gesundheitszentrum Anschrift: GemeinschaftspraxisDr. med. univ. Ulf KrapfenbauerDr.-med. Ralf Irgang Rummelsburger Str. 13, 10315 Berlin Telefon:&nbsp;030\/5138204 Ansprechpartner: Dr. med. univ. Ulf Krapfenbauer Umsatzsteuer-ID Umsatzsteuer-Identifikationsnummer nach \u00a727a Umsatzsteuergesetz: XXXXX Zust\u00e4ndige Landes\u00e4rztekammer \u00c4rztekammer BerlinFriedrichstr. 1610969 Berlin Telefon: (030) 40 80 6-0Telefax: (030) 40 80 6-125E-Mail: kammer@aerztekammer-berlin.dewww.aerztekammer-berlin.de Kassen\u00e4rztliche Vereinigung KV BerlinMasurenallee 6A14057 Berlin Telefon.&hellip;<\/p>\n","protected":false},"author":1,"featured_media":0,"parent":0,"menu_order":0,"comment_status":"closed","ping_status":"closed","template":"","meta":{"footnotes":""},"class_list":["post-15","page","type-page","status-publish","hentry"],"yoast_head":"<!-- This site is optimized with the Yoast SEO plugin v27.3 - https:\/\/yoast.com\/product\/yoast-seo-wordpress\/ -->\n<title>Impressum - urologie &quot;am tierpark&quot;<\/title>\n<meta name=\"description\" content=\"urologie &quot;am tierpark&quot; Gemeinschaftspraxis - Dr. med. univ. Ulf Krapfenbauer - Dr.-med. Ralf Irgang - Rummelsburger Str. 13, 10315 Berlin - Telefon:\u00a0030\/5138204\" \/>\n<meta name=\"robots\" content=\"index, follow, max-snippet:-1, max-image-preview:large, max-video-preview:-1\" \/>\n<link rel=\"canonical\" href=\"https:\/\/staging.urologie-amtierpark.de\/index.php\/impressum\/\" \/>\n<meta property=\"og:locale\" content=\"de_DE\" \/>\n<meta property=\"og:type\" content=\"article\" \/>\n<meta property=\"og:title\" content=\"Impressum - urologie &quot;am tierpark&quot;\" \/>\n<meta property=\"og:description\" content=\"urologie &quot;am tierpark&quot; Gemeinschaftspraxis - Dr. med. univ. Ulf Krapfenbauer - Dr.-med. Ralf Irgang - Rummelsburger Str. 13, 10315 Berlin - Telefon:\u00a0030\/5138204\" \/>\n<meta property=\"og:url\" content=\"https:\/\/staging.urologie-amtierpark.de\/index.php\/impressum\/\" \/>\n<meta property=\"og:site_name\" content=\"urologie &quot;am tierpark&quot;\" \/>\n<meta property=\"article:modified_time\" content=\"2022-06-27T08:00:52+00:00\" \/>\n<meta name=\"twitter:card\" content=\"summary_large_image\" \/>\n<meta name=\"twitter:label1\" content=\"Gesch\u00e4tzte Lesezeit\" \/>\n\t<meta name=\"twitter:data1\" content=\"3\u00a0Minuten\" \/>\n<script type=\"application\/ld+json\" class=\"yoast-schema-graph\">{\"@context\":\"https:\\\/\\\/schema.org\",\"@graph\":[{\"@type\":\"WebPage\",\"@id\":\"https:\\\/\\\/staging.urologie-amtierpark.de\\\/index.php\\\/impressum\\\/\",\"url\":\"https:\\\/\\\/staging.urologie-amtierpark.de\\\/index.php\\\/impressum\\\/\",\"name\":\"Impressum - urologie &quot;am tierpark&quot;\",\"isPartOf\":{\"@id\":\"https:\\\/\\\/staging.urologie-amtierpark.de\\\/#website\"},\"datePublished\":\"2022-06-25T14:08:41+00:00\",\"dateModified\":\"2022-06-27T08:00:52+00:00\",\"description\":\"urologie \\\"am tierpark\\\" Gemeinschaftspraxis - Dr. med. univ. Ulf Krapfenbauer - Dr.-med. Ralf Irgang - Rummelsburger Str. 13, 10315 Berlin - Telefon:\u00a0030\\\/5138204\",\"breadcrumb\":{\"@id\":\"https:\\\/\\\/staging.urologie-amtierpark.de\\\/index.php\\\/impressum\\\/#breadcrumb\"},\"inLanguage\":\"de\",\"potentialAction\":[{\"@type\":\"ReadAction\",\"target\":[\"https:\\\/\\\/staging.urologie-amtierpark.de\\\/index.php\\\/impressum\\\/\"]}]},{\"@type\":\"BreadcrumbList\",\"@id\":\"https:\\\/\\\/staging.urologie-amtierpark.de\\\/index.php\\\/impressum\\\/#breadcrumb\",\"itemListElement\":[{\"@type\":\"ListItem\",\"position\":1,\"name\":\"Startseite\",\"item\":\"https:\\\/\\\/staging.urologie-amtierpark.de\\\/\"},{\"@type\":\"ListItem\",\"position\":2,\"name\":\"Impressum\"}]},{\"@type\":\"WebSite\",\"@id\":\"https:\\\/\\\/staging.urologie-amtierpark.de\\\/#website\",\"url\":\"https:\\\/\\\/staging.urologie-amtierpark.de\\\/\",\"name\":\"urologie &quot;am tierpark&quot;\",\"description\":\"\",\"potentialAction\":[{\"@type\":\"SearchAction\",\"target\":{\"@type\":\"EntryPoint\",\"urlTemplate\":\"https:\\\/\\\/staging.urologie-amtierpark.de\\\/?s={search_term_string}\"},\"query-input\":{\"@type\":\"PropertyValueSpecification\",\"valueRequired\":true,\"valueName\":\"search_term_string\"}}],\"inLanguage\":\"de\"}]}<\/script>\n<!-- \/ Yoast SEO plugin. -->","yoast_head_json":{"title":"Impressum - urologie &quot;am tierpark&quot;","description":"urologie \"am tierpark\" Gemeinschaftspraxis - Dr. med. univ. Ulf Krapfenbauer - Dr.-med. Ralf Irgang - Rummelsburger Str. 13, 10315 Berlin - Telefon:\u00a0030\/5138204","robots":{"index":"index","follow":"follow","max-snippet":"max-snippet:-1","max-image-preview":"max-image-preview:large","max-video-preview":"max-video-preview:-1"},"canonical":"https:\/\/staging.urologie-amtierpark.de\/index.php\/impressum\/","og_locale":"de_DE","og_type":"article","og_title":"Impressum - urologie &quot;am tierpark&quot;","og_description":"urologie \"am tierpark\" Gemeinschaftspraxis - Dr. med. univ. Ulf Krapfenbauer - Dr.-med. Ralf Irgang - Rummelsburger Str. 13, 10315 Berlin - Telefon:\u00a0030\/5138204","og_url":"https:\/\/staging.urologie-amtierpark.de\/index.php\/impressum\/","og_site_name":"urologie &quot;am tierpark&quot;","article_modified_time":"2022-06-27T08:00:52+00:00","twitter_card":"summary_large_image","twitter_misc":{"Gesch\u00e4tzte Lesezeit":"3\u00a0Minuten"},"schema":{"@context":"https:\/\/schema.org","@graph":[{"@type":"WebPage","@id":"https:\/\/staging.urologie-amtierpark.de\/index.php\/impressum\/","url":"https:\/\/staging.urologie-amtierpark.de\/index.php\/impressum\/","name":"Impressum - urologie &quot;am tierpark&quot;","isPartOf":{"@id":"https:\/\/staging.urologie-amtierpark.de\/#website"},"datePublished":"2022-06-25T14:08:41+00:00","dateModified":"2022-06-27T08:00:52+00:00","description":"urologie \"am tierpark\" Gemeinschaftspraxis - Dr. med. univ. Ulf Krapfenbauer - Dr.-med. Ralf Irgang - Rummelsburger Str. 13, 10315 Berlin - Telefon:\u00a0030\/5138204","breadcrumb":{"@id":"https:\/\/staging.urologie-amtierpark.de\/index.php\/impressum\/#breadcrumb"},"inLanguage":"de","potentialAction":[{"@type":"ReadAction","target":["https:\/\/staging.urologie-amtierpark.de\/index.php\/impressum\/"]}]},{"@type":"BreadcrumbList","@id":"https:\/\/staging.urologie-amtierpark.de\/index.php\/impressum\/#breadcrumb","itemListElement":[{"@type":"ListItem","position":1,"name":"Startseite","item":"https:\/\/staging.urologie-amtierpark.de\/"},{"@type":"ListItem","position":2,"name":"Impressum"}]},{"@type":"WebSite","@id":"https:\/\/staging.urologie-amtierpark.de\/#website","url":"https:\/\/staging.urologie-amtierpark.de\/","name":"urologie &quot;am tierpark&quot;","description":"","potentialAction":[{"@type":"SearchAction","target":{"@type":"EntryPoint","urlTemplate":"https:\/\/staging.urologie-amtierpark.de\/?s={search_term_string}"},"query-input":{"@type":"PropertyValueSpecification","valueRequired":true,"valueName":"search_term_string"}}],"inLanguage":"de"}]}},"_links":{"self":[{"href":"https:\/\/staging.urologie-amtierpark.de\/index.php\/wp-json\/wp\/v2\/pages\/15","targetHints":{"allow":["GET"]}}],"collection":[{"href":"https:\/\/staging.urologie-amtierpark.de\/index.php\/wp-json\/wp\/v2\/pages"}],"about":[{"href":"https:\/\/staging.urologie-amtierpark.de\/index.php\/wp-json\/wp\/v2\/types\/page"}],"author":[{"embeddable":true,"href":"https:\/\/staging.urologie-amtierpark.de\/index.php\/wp-json\/wp\/v2\/users\/1"}],"replies":[{"embeddable":true,"href":"https:\/\/staging.urologie-amtierpark.de\/index.php\/wp-json\/wp\/v2\/comments?post=15"}],"version-history":[{"count":7,"href":"https:\/\/staging.urologie-amtierpark.de\/index.php\/wp-json\/wp\/v2\/pages\/15\/revisions"}],"predecessor-version":[{"id":64,"href":"https:\/\/staging.urologie-amtierpark.de\/index.php\/wp-json\/wp\/v2\/pages\/15\/revisions\/64"}],"wp:attachment":[{"href":"https:\/\/staging.urologie-amtierpark.de\/index.php\/wp-json\/wp\/v2\/media?parent=15"}],"curies":[{"name":"wp","href":"https:\/\/api.w.org\/{rel}","templated":true}]}}