{"id":72,"date":"2022-06-27T11:06:52","date_gmt":"2022-06-27T10:06:52","guid":{"rendered":"https:\/\/staging.urologie-amtierpark.de\/?page_id=72"},"modified":"2022-06-27T11:07:48","modified_gmt":"2022-06-27T10:07:48","slug":"leistungen","status":"publish","type":"page","link":"https:\/\/staging.urologie-amtierpark.de\/index.php\/leistungen\/","title":{"rendered":"Leistungen"},"content":{"rendered":"\n<h3 class=\"wp-block-heading\">UNSERE LEISTUNGEN IN DER \u00dcBERSICHT:<\/h3>\n\n\n\n<p><\/p>\n\n\n\n<ul class=\"wp-block-list\"><li><strong>Vorsorgeuntersuchung<\/strong><br><br>Kassen\u00e4rztliche Vorsorge mit Erhebung der Krankengeschichte, k\u00f6rperlicher Untersuchung, einschlie\u00dflich Abtasten der Prostata und des Endarmes, Messung des Blutdruckes, sowie einer Untersuchung des Stuhles auf verstecktes Blut mittels H\u00e4moccult-Test und Beratung \u00fcber die M\u00f6glichkeit zur Teilnahme an einer Darmspiegelung ab dem 55. Lebensjahr<br><\/li><li><strong>Sonographie (Ultraschall)<\/strong><br><br>Mittels Ultraschall lassen sich die urologischen Organe (Nieren, Blase in gef\u00fclltem Zustand, Prostata, Hoden) auf einem Monitor darstellen. So k\u00f6nnen Ver\u00e4nderungen und Erkrankungen festgestellt werden. Ultraschallwellen sind f\u00fcr unseren K\u00f6rper v\u00f6llig unbedenklich. Normalerweise brauchen Sie f\u00fcr diese Untersuchung nicht n\u00fcchtern zu sein.<ul><li>Untersuchungen der Bauch- und Genitalorgane<\/li><li>Endosonographien der Prostata einschlie\u00dflichlich sonographisch kontrollierter Gewebeentnahme bei Krebsverdacht<\/li><li>Duplexsonographie mit farblicher Darstellung der Organgef\u00e4\u00dfe<\/li><li>Dopplersonographien der Penisgef\u00e4\u00dfe<\/li><li>sonographische Knochendichtemessung zur Diagnostik oder Fr\u00fcherkennung einer Osteoporose<\/li><li>Punktionen unter sonographischer Kontrolle<\/li><\/ul><\/li><\/ul>\n\n\n\n<ul class=\"wp-block-list\"><li><strong>Endoskopie<\/strong><br><br>Moderner endourologischer Arbeitsplatz<ul><li>Videoendoskopie mit der M\u00f6glichkeit, dem Patienten die erhobenen Befunde zu demonstrieren<\/li><li>Einsatz flexibler, weicher, f\u00fcr den Patienten wenig belastender Endoskope<\/li><li>transuretrale operative Eingriffe (Sichturethrotomie, Blasentumorresektionen)<\/li><li>videoassistiertes Biofeedback Sphinktertraining bei der m\u00e4nnlichen Harninkontinenz<br><\/li><\/ul><\/li><li><strong>R\u00f6ntgen<\/strong><br><br>R\u00f6ntgenuntersuchungen werden nur durchgef\u00fchrt, wenn durch andere Untersuchungsmethoden (wie z. B. Ultraschall) keine ausreichende Information zu erhalten ist.<br><br>Zur R\u00f6ntgenuntersuchung m\u00fcssen Sie in aller Regel n\u00fcchtern kommen, eine Tasse Tee oder Kaffee ist erlaubt, auch Medikamente sollten vorher eingenommen werden.<br><br>In vielen F\u00e4llen ist die Anwendung sogenannter Kontrastmittel erforderlich, mit denen Nieren, Harnleiter, Blase und Harnr\u00f6hre dargestellt werden k\u00f6nnen.<\/li><\/ul>\n\n\n\n<ul class=\"wp-block-list\"><li><strong>Labor<\/strong><br><br>Zu diesen Untersuchungen geh\u00f6ren die Blut- und Urinuntersuchungen sowie Untersuchungen aus anderen K\u00f6rperfl\u00fcssigkeiten (z. B. Samenfl\u00fcssigkeit).<br><br>In der Regel brauchen Sie f\u00fcr eine Blutuntersuchung in der Urologie nicht n\u00fcchtern zu sein. Bei <br>Ausnahmen machen wir Sie ausdr\u00fccklich darauf aufmerksam.<br><br>F\u00fcr Urinuntersuchungen ist es g\u00fcnstig, wenn Sie den ersten Morgenurin in einem sterilen Gef\u00e4\u00df (z. B. Uribox aus der Apotheke) mitbringen.<br><br>Nicht alle Ergebnisse haben wir sofort zur Hand. Bitte haben Sie Verst\u00e4ndnis, wenn besonders aufwendige Untersuchungen ein paar Tage dauern. Wir sagen Ihnen in der Regel, wann die Ergebnisse vorliegen.<\/li><\/ul>\n\n\n\n<ul class=\"wp-block-list\"><li><strong>Psychosomatische Grundversorgung<\/strong><br><br>In der heutigen Zeit haben wir oft das Gef\u00fchl, der menschliche K\u00f6rper m\u00fcsse wie eine Maschine funktionieren. K\u00f6rperliche Beschwerden k\u00f6nnen aber durchaus eine seelische Ursache haben, ohne dass dies zun\u00e4chst offensichtlich ist.<br><br>Nach ausf\u00fchrlicher organischer Abkl\u00e4rung und einer ad\u00e4quaten Therapie sollen bei Fortbestehen der Beschwerden die Lebens- und Krankheitsgeschichte des Patienten auf eine m\u00f6gliche seelische Ursache hin aufgearbeitet werden. Dazu geh\u00f6ren u.a.:<br><ul><li>die sogenannte biographische Anamnese<\/li><li>die Lebensumst\u00e4nde, mit m\u00f6glichen Konfliktsituationen<\/li><li>die Situation des engeren sozialem Umfeldes, wie der Familie, Freundeskreis oder am Arbeitsplatz<br><br>Sollten sich Hinweise auf eine seelische Ursache ihrer Beschwerden ergeben, so versuchen wir L\u00f6sungswege und Techniken aufzuzeigen und Sie bei der Bew\u00e4ltigung der Problem zu unterst\u00fctzen.<\/li><\/ul><\/li><\/ul>\n\n\n\n<ul class=\"wp-block-list\"><li><strong>Onkologie<\/strong><\/li><li><strong>Erektionsst\u00f6rungen<\/strong><\/li><li><strong>Unerf\u00fcllter Kinderwunsch<\/strong><\/li><li><strong>Harninkontinenz<\/strong><\/li><li><strong>Vasektomie<\/strong><\/li><\/ul>\n","protected":false},"excerpt":{"rendered":"<p>UNSERE LEISTUNGEN IN DER \u00dcBERSICHT: Vorsorgeuntersuchung Kassen\u00e4rztliche Vorsorge mit Erhebung der Krankengeschichte, k\u00f6rperlicher Untersuchung, einschlie\u00dflich Abtasten der Prostata und des Endarmes, Messung des Blutdruckes, sowie einer Untersuchung des Stuhles auf verstecktes Blut mittels H\u00e4moccult-Test und Beratung \u00fcber die M\u00f6glichkeit zur Teilnahme an einer Darmspiegelung ab dem 55. Lebensjahr Sonographie (Ultraschall) Mittels Ultraschall lassen sich die&hellip;<\/p>\n","protected":false},"author":1,"featured_media":0,"parent":0,"menu_order":0,"comment_status":"closed","ping_status":"closed","template":"","meta":{"footnotes":""},"class_list":["post-72","page","type-page","status-publish","hentry"],"yoast_head":"<!-- This site is optimized with the Yoast SEO plugin v27.3 - https:\/\/yoast.com\/product\/yoast-seo-wordpress\/ -->\n<title>Leistungen - urologie &quot;am tierpark&quot;<\/title>\n<meta name=\"robots\" content=\"index, follow, max-snippet:-1, max-image-preview:large, max-video-preview:-1\" \/>\n<link rel=\"canonical\" href=\"https:\/\/staging.urologie-amtierpark.de\/index.php\/leistungen\/\" \/>\n<meta property=\"og:locale\" content=\"de_DE\" \/>\n<meta property=\"og:type\" content=\"article\" \/>\n<meta property=\"og:title\" content=\"Leistungen - urologie &quot;am tierpark&quot;\" \/>\n<meta property=\"og:description\" content=\"UNSERE LEISTUNGEN IN DER \u00dcBERSICHT: Vorsorgeuntersuchung Kassen\u00e4rztliche Vorsorge mit Erhebung der Krankengeschichte, k\u00f6rperlicher Untersuchung, einschlie\u00dflich Abtasten der Prostata und des Endarmes, Messung des Blutdruckes, sowie einer Untersuchung des Stuhles auf verstecktes Blut mittels H\u00e4moccult-Test und Beratung \u00fcber die M\u00f6glichkeit zur Teilnahme an einer Darmspiegelung ab dem 55. Lebensjahr Sonographie (Ultraschall) Mittels Ultraschall lassen sich die&hellip;\" \/>\n<meta property=\"og:url\" content=\"https:\/\/staging.urologie-amtierpark.de\/index.php\/leistungen\/\" \/>\n<meta property=\"og:site_name\" content=\"urologie &quot;am tierpark&quot;\" \/>\n<meta property=\"article:modified_time\" content=\"2022-06-27T10:07:48+00:00\" \/>\n<meta name=\"twitter:card\" content=\"summary_large_image\" \/>\n<meta name=\"twitter:label1\" content=\"Gesch\u00e4tzte Lesezeit\" \/>\n\t<meta name=\"twitter:data1\" content=\"3\u00a0Minuten\" \/>\n<script type=\"application\/ld+json\" class=\"yoast-schema-graph\">{\"@context\":\"https:\\\/\\\/schema.org\",\"@graph\":[{\"@type\":\"WebPage\",\"@id\":\"https:\\\/\\\/staging.urologie-amtierpark.de\\\/index.php\\\/leistungen\\\/\",\"url\":\"https:\\\/\\\/staging.urologie-amtierpark.de\\\/index.php\\\/leistungen\\\/\",\"name\":\"Leistungen - urologie &quot;am tierpark&quot;\",\"isPartOf\":{\"@id\":\"https:\\\/\\\/staging.urologie-amtierpark.de\\\/#website\"},\"datePublished\":\"2022-06-27T10:06:52+00:00\",\"dateModified\":\"2022-06-27T10:07:48+00:00\",\"breadcrumb\":{\"@id\":\"https:\\\/\\\/staging.urologie-amtierpark.de\\\/index.php\\\/leistungen\\\/#breadcrumb\"},\"inLanguage\":\"de\",\"potentialAction\":[{\"@type\":\"ReadAction\",\"target\":[\"https:\\\/\\\/staging.urologie-amtierpark.de\\\/index.php\\\/leistungen\\\/\"]}]},{\"@type\":\"BreadcrumbList\",\"@id\":\"https:\\\/\\\/staging.urologie-amtierpark.de\\\/index.php\\\/leistungen\\\/#breadcrumb\",\"itemListElement\":[{\"@type\":\"ListItem\",\"position\":1,\"name\":\"Startseite\",\"item\":\"https:\\\/\\\/staging.urologie-amtierpark.de\\\/\"},{\"@type\":\"ListItem\",\"position\":2,\"name\":\"Leistungen\"}]},{\"@type\":\"WebSite\",\"@id\":\"https:\\\/\\\/staging.urologie-amtierpark.de\\\/#website\",\"url\":\"https:\\\/\\\/staging.urologie-amtierpark.de\\\/\",\"name\":\"urologie &quot;am tierpark&quot;\",\"description\":\"\",\"potentialAction\":[{\"@type\":\"SearchAction\",\"target\":{\"@type\":\"EntryPoint\",\"urlTemplate\":\"https:\\\/\\\/staging.urologie-amtierpark.de\\\/?s={search_term_string}\"},\"query-input\":{\"@type\":\"PropertyValueSpecification\",\"valueRequired\":true,\"valueName\":\"search_term_string\"}}],\"inLanguage\":\"de\"}]}<\/script>\n<!-- \/ Yoast SEO plugin. -->","yoast_head_json":{"title":"Leistungen - urologie &quot;am tierpark&quot;","robots":{"index":"index","follow":"follow","max-snippet":"max-snippet:-1","max-image-preview":"max-image-preview:large","max-video-preview":"max-video-preview:-1"},"canonical":"https:\/\/staging.urologie-amtierpark.de\/index.php\/leistungen\/","og_locale":"de_DE","og_type":"article","og_title":"Leistungen - urologie &quot;am tierpark&quot;","og_description":"UNSERE LEISTUNGEN IN DER \u00dcBERSICHT: Vorsorgeuntersuchung Kassen\u00e4rztliche Vorsorge mit Erhebung der Krankengeschichte, k\u00f6rperlicher Untersuchung, einschlie\u00dflich Abtasten der Prostata und des Endarmes, Messung des Blutdruckes, sowie einer Untersuchung des Stuhles auf verstecktes Blut mittels H\u00e4moccult-Test und Beratung \u00fcber die M\u00f6glichkeit zur Teilnahme an einer Darmspiegelung ab dem 55. Lebensjahr Sonographie (Ultraschall) Mittels Ultraschall lassen sich die&hellip;","og_url":"https:\/\/staging.urologie-amtierpark.de\/index.php\/leistungen\/","og_site_name":"urologie &quot;am tierpark&quot;","article_modified_time":"2022-06-27T10:07:48+00:00","twitter_card":"summary_large_image","twitter_misc":{"Gesch\u00e4tzte Lesezeit":"3\u00a0Minuten"},"schema":{"@context":"https:\/\/schema.org","@graph":[{"@type":"WebPage","@id":"https:\/\/staging.urologie-amtierpark.de\/index.php\/leistungen\/","url":"https:\/\/staging.urologie-amtierpark.de\/index.php\/leistungen\/","name":"Leistungen - urologie &quot;am tierpark&quot;","isPartOf":{"@id":"https:\/\/staging.urologie-amtierpark.de\/#website"},"datePublished":"2022-06-27T10:06:52+00:00","dateModified":"2022-06-27T10:07:48+00:00","breadcrumb":{"@id":"https:\/\/staging.urologie-amtierpark.de\/index.php\/leistungen\/#breadcrumb"},"inLanguage":"de","potentialAction":[{"@type":"ReadAction","target":["https:\/\/staging.urologie-amtierpark.de\/index.php\/leistungen\/"]}]},{"@type":"BreadcrumbList","@id":"https:\/\/staging.urologie-amtierpark.de\/index.php\/leistungen\/#breadcrumb","itemListElement":[{"@type":"ListItem","position":1,"name":"Startseite","item":"https:\/\/staging.urologie-amtierpark.de\/"},{"@type":"ListItem","position":2,"name":"Leistungen"}]},{"@type":"WebSite","@id":"https:\/\/staging.urologie-amtierpark.de\/#website","url":"https:\/\/staging.urologie-amtierpark.de\/","name":"urologie &quot;am tierpark&quot;","description":"","potentialAction":[{"@type":"SearchAction","target":{"@type":"EntryPoint","urlTemplate":"https:\/\/staging.urologie-amtierpark.de\/?s={search_term_string}"},"query-input":{"@type":"PropertyValueSpecification","valueRequired":true,"valueName":"search_term_string"}}],"inLanguage":"de"}]}},"_links":{"self":[{"href":"https:\/\/staging.urologie-amtierpark.de\/index.php\/wp-json\/wp\/v2\/pages\/72","targetHints":{"allow":["GET"]}}],"collection":[{"href":"https:\/\/staging.urologie-amtierpark.de\/index.php\/wp-json\/wp\/v2\/pages"}],"about":[{"href":"https:\/\/staging.urologie-amtierpark.de\/index.php\/wp-json\/wp\/v2\/types\/page"}],"author":[{"embeddable":true,"href":"https:\/\/staging.urologie-amtierpark.de\/index.php\/wp-json\/wp\/v2\/users\/1"}],"replies":[{"embeddable":true,"href":"https:\/\/staging.urologie-amtierpark.de\/index.php\/wp-json\/wp\/v2\/comments?post=72"}],"version-history":[{"count":2,"href":"https:\/\/staging.urologie-amtierpark.de\/index.php\/wp-json\/wp\/v2\/pages\/72\/revisions"}],"predecessor-version":[{"id":75,"href":"https:\/\/staging.urologie-amtierpark.de\/index.php\/wp-json\/wp\/v2\/pages\/72\/revisions\/75"}],"wp:attachment":[{"href":"https:\/\/staging.urologie-amtierpark.de\/index.php\/wp-json\/wp\/v2\/media?parent=72"}],"curies":[{"name":"wp","href":"https:\/\/api.w.org\/{rel}","templated":true}]}}